{"id":1459,"date":"2018-03-06T14:31:47","date_gmt":"2018-03-06T19:31:47","guid":{"rendered":"https:\/\/at802f.com\/descripcion-general-de-la-aeronave\/"},"modified":"2022-10-25T10:57:32","modified_gmt":"2022-10-25T15:57:32","slug":"descripcion-general-de-la-aeronave","status":"publish","type":"page","link":"https:\/\/at802f.com\/es\/descripcion-general-de-la-aeronave\/","title":{"rendered":"DESCRIPCI\u00d3N GENERAL DE LA AERONAVE"},"content":{"rendered":"<style>#kt-layout-id_745e82-f7 > .kt-row-column-wrap{align-content:start;}:where(#kt-layout-id_745e82-f7 > .kt-row-column-wrap) > .wp-block-kadence-column{justify-content:start;}#kt-layout-id_745e82-f7 > .kt-row-column-wrap{column-gap:var(--global-kb-gap-md, 2rem);row-gap:var(--global-kb-gap-md, 2rem);max-width:var( --global-content-width, 1400px );padding-left:var(--global-content-edge-padding);padding-right:var(--global-content-edge-padding);padding-top:var( --global-kb-row-default-top, 25px );padding-bottom:var( --global-kb-row-default-bottom, 25px );padding-top:var(--global-kb-spacing-sm, 1.5rem);padding-bottom:var(--global-kb-spacing-sm, 1.5rem);grid-template-columns:minmax(0, 1fr);}#kt-layout-id_745e82-f7 > .kt-row-layout-overlay{opacity:0.30;}@media all and (max-width: 1024px){#kt-layout-id_745e82-f7 > .kt-row-column-wrap{grid-template-columns:minmax(0, 1fr);}}@media all and (max-width: 767px){#kt-layout-id_745e82-f7 > .kt-row-column-wrap{grid-template-columns:minmax(0, 1fr);}}<\/style>\n<div class=\"wp-block-kadence-rowlayout alignnone\"><div id=\"kt-layout-id_745e82-f7\" class=\"kt-row-layout-inner kt-layout-id_745e82-f7\"><div class=\"kt-row-column-wrap kt-has-1-columns kt-gutter-default kt-v-gutter-default kt-row-valign-top kt-row-layout-equal kt-tab-layout-inherit kt-m-colapse-left-to-right kt-mobile-layout-row kb-theme-content-width\"><style>.kadence-column_e72a60-d4 > .kt-inside-inner-col{border-top-width:0px;border-right-width:0px;border-bottom-width:0px;border-left-width:0px;}.kadence-column_e72a60-d4 > .kt-inside-inner-col,.kadence-column_e72a60-d4 > .kt-inside-inner-col:before{border-top-left-radius:0px;border-top-right-radius:0px;border-bottom-right-radius:0px;border-bottom-left-radius:0px;}.kadence-column_e72a60-d4 > .kt-inside-inner-col{column-gap:var(--global-kb-gap-sm, 1rem);}.kadence-column_e72a60-d4 > .kt-inside-inner-col{flex-direction:column;}.kadence-column_e72a60-d4 > .kt-inside-inner-col > .aligncenter{width:100%;}.kadence-column_e72a60-d4 > .kt-inside-inner-col:before{opacity:0.3;}.kadence-column_e72a60-d4{position:relative;}@media all and (max-width: 1024px){.kadence-column_e72a60-d4 > .kt-inside-inner-col{flex-direction:column;justify-content:center;}}@media all and (max-width: 767px){.kadence-column_e72a60-d4 > .kt-inside-inner-col{flex-direction:column;justify-content:center;}}<\/style>\n<div class=\"wp-block-kadence-column inner-column-1 kadence-column_e72a60-d4\"><div class=\"kt-inside-inner-col\">\n<h1 class=\"wp-block-heading\">DESCRIPCI\u00d3N GENERAL DE LA AERONAVE<\/h1>\n\n\n<style>.wp-block-kadence-advancedheading.kt-adv-heading_f08f21-16, .wp-block-kadence-advancedheading.kt-adv-heading_f08f21-16[data-kb-block=\"kb-adv-heading_f08f21-16\"]{font-weight:400;font-style:normal;}.wp-block-kadence-advancedheading.kt-adv-heading_f08f21-16 mark.kt-highlight, .wp-block-kadence-advancedheading.kt-adv-heading_f08f21-16[data-kb-block=\"kb-adv-heading_f08f21-16\"] mark.kt-highlight{font-style:normal;color:#f76a0c;-webkit-box-decoration-break:clone;box-decoration-break:clone;padding-top:0px;padding-right:0px;padding-bottom:0px;padding-left:0px;}.wp-block-kadence-advancedheading.kt-adv-heading_f08f21-16 img.kb-inline-image, .wp-block-kadence-advancedheading.kt-adv-heading_f08f21-16[data-kb-block=\"kb-adv-heading_f08f21-16\"] img.kb-inline-image{width:150px;vertical-align:baseline;}<\/style>\n<h2 class=\"kt-adv-heading_f08f21-16 wp-block-kadence-advancedheading\" data-kb-block=\"kb-adv-heading_f08f21-16\">El Air Tractor\u00ae AT-802F combina agilidad, rendimiento, confiabilidad y precisi\u00f3n milim\u00e9trica que le permite operar donde otras aeronaves no pueden.<\/h2>\n\n\n<style>.wp-block-kadence-spacer.kt-block-spacer-_9d560c-bc .kt-block-spacer{height:100px;}.wp-block-kadence-spacer.kt-block-spacer-_9d560c-bc .kt-divider{border-top-width:3px;height:1px;border-top-color:var(--global-palette1, #3182CE);width:10%;border-top-style:solid;}@media all and (max-width: 1024px){.wp-block-kadence-spacer.kt-block-spacer-_9d560c-bc .kt-block-spacer{height:40px!important;}}@media all and (max-width: 767px){.wp-block-kadence-spacer.kt-block-spacer-_9d560c-bc .kt-block-spacer{height:20px!important;}}<\/style>\n<div class=\"wp-block-kadence-spacer aligncenter kt-block-spacer-_9d560c-bc\"><div class=\"kt-block-spacer kt-block-spacer-halign-left\"><hr class=\"kt-divider\"\/><\/div><\/div>\n\n\n\n<p>El AT-802F est\u00e1 dise\u00f1ado espec\u00edficamente para combatir incendios grandes y peque\u00f1os, no s\u00f3lo para el ataque inicial, sino que tambi\u00e9n para tareas de ataque continuo y apoyo a las brigadas en tierra. Te lleva r\u00e1pidamente cuando los tiempos de respuesta r\u00e1pidos son cruciales.<\/p>\n\n\n<style>.wp-block-kadence-iconlist.kt-svg-icon-list-items_a17b84-19:not(.this-stops-third-party-issues){margin-top:0px;margin-bottom:0px;}.wp-block-kadence-iconlist.kt-svg-icon-list-items_a17b84-19 ul.kt-svg-icon-list:not(.this-prevents-issues):not(.this-stops-third-party-issues):not(.tijsloc){margin-top:0px;margin-right:0px;margin-bottom:10px;margin-left:0px;}.wp-block-kadence-iconlist.kt-svg-icon-list-items_a17b84-19 ul.kt-svg-icon-list{grid-row-gap:20px;}.wp-block-kadence-iconlist.kt-svg-icon-list-items_a17b84-19 ul.kt-svg-icon-list .kt-svg-icon-list-item-wrap .kt-svg-icon-list-single{margin-right:20px;}.kt-svg-icon-list-items_a17b84-19 ul.kt-svg-icon-list .kt-svg-icon-list-item-wrap, .kt-svg-icon-list-items_a17b84-19 ul.kt-svg-icon-list .kt-svg-icon-list-item-wrap a{line-height:2rem;}.kt-svg-icon-list-items_a17b84-19 ul.kt-svg-icon-list .kt-svg-icon-list-level-0 .kt-svg-icon-list-single svg{font-size:20px;}.kt-svg-icon-list-items_a17b84-19 ul.kt-svg-icon-list .kt-svg-icon-list-level-1 .kt-svg-icon-list-single svg{font-size:20px;}.kt-svg-icon-list-items_a17b84-19 ul.kt-svg-icon-list .kt-svg-icon-list-level-2 .kt-svg-icon-list-single svg{font-size:20px;}.kt-svg-icon-list-items_a17b84-19 ul.kt-svg-icon-list .kt-svg-icon-list-level-3 .kt-svg-icon-list-single svg{font-size:20px;}.kt-svg-icon-list-items_a17b84-19 ul.kt-svg-icon-list .kt-svg-icon-list-level-4 .kt-svg-icon-list-single svg{font-size:20px;}.kt-svg-icon-list-items_a17b84-19 ul.kt-svg-icon-list .kt-svg-icon-list-level-5 .kt-svg-icon-list-single svg{font-size:20px;}.kt-svg-icon-list-items_a17b84-19 ul.kt-svg-icon-list .kt-svg-icon-list-level-6 .kt-svg-icon-list-single svg{font-size:20px;}.kt-svg-icon-list-items_a17b84-19 ul.kt-svg-icon-list .kt-svg-icon-list-level-7 .kt-svg-icon-list-single svg{font-size:20px;}<\/style>\n<div class=\"wp-block-kadence-iconlist kt-svg-icon-list-items kt-svg-icon-list-items_a17b84-19 kt-svg-icon-list-columns-1 alignnone kt-list-icon-aligntop\"><ul class=\"kt-svg-icon-list\"><li class=\"kt-svg-icon-list-style-default kt-svg-icon-list-item-wrap kt-svg-icon-list-item-0\"><div style=\"display:inline-flex;justify-content:center;align-items:center;color:var(--global-palette1)\" class=\"kt-svg-icon-list-single kt-svg-icon-list-single-fe_chevronRight\"><svg style=\"display:inline-block;vertical-align:middle\" viewbox=\"0 0 24 24\" height=\"20\" width=\"20\" fill=\"none\" stroke=\"currentColor\" xmlns=\"http:\/\/www.w3.org\/2000\/svg\" stroke-width=\"2\" stroke-linecap=\"round\" stroke-linejoin=\"round\" aria-hidden=\"true\"><polyline points=\"9 18 15 12 9 6\"><\/polyline><\/svg><\/div><span class=\"kt-svg-icon-list-text\"><strong>Despegue r\u00e1pido (&lt;&lt;10 minutos)<\/strong><\/span><\/li><li class=\"kt-svg-icon-list-style-default kt-svg-icon-list-item-wrap kt-svg-icon-list-item-1\"><div style=\"display:inline-flex;justify-content:center;align-items:center;color:var(--global-palette1)\" class=\"kt-svg-icon-list-single kt-svg-icon-list-single-fe_chevronRight\"><svg style=\"display:inline-block;vertical-align:middle\" viewbox=\"0 0 24 24\" height=\"20\" width=\"20\" fill=\"none\" stroke=\"currentColor\" xmlns=\"http:\/\/www.w3.org\/2000\/svg\" stroke-width=\"2\" stroke-linecap=\"round\" stroke-linejoin=\"round\" aria-hidden=\"true\"><polyline points=\"9 18 15 12 9 6\"><\/polyline><\/svg><\/div><span class=\"kt-svg-icon-list-text\"><strong>Ataque continuo (&gt;&gt;3 horas)<\/strong><\/span><\/li><li class=\"kt-svg-icon-list-style-default kt-svg-icon-list-item-wrap kt-svg-icon-list-item-2\"><div style=\"display:inline-flex;justify-content:center;align-items:center;color:var(--global-palette1)\" class=\"kt-svg-icon-list-single kt-svg-icon-list-single-fe_chevronRight\"><svg style=\"display:inline-block;vertical-align:middle\" viewbox=\"0 0 24 24\" height=\"20\" width=\"20\" fill=\"none\" stroke=\"currentColor\" xmlns=\"http:\/\/www.w3.org\/2000\/svg\" stroke-width=\"2\" stroke-linecap=\"round\" stroke-linejoin=\"round\" aria-hidden=\"true\"><polyline points=\"9 18 15 12 9 6\"><\/polyline><\/svg><\/div><span class=\"kt-svg-icon-list-text\"><strong>Bajo costo de operaci\u00f3n<\/strong><\/span><\/li><li class=\"kt-svg-icon-list-style-default kt-svg-icon-list-item-wrap kt-svg-icon-list-item-3\"><div style=\"display:inline-flex;justify-content:center;align-items:center;color:var(--global-palette1)\" class=\"kt-svg-icon-list-single kt-svg-icon-list-single-fe_chevronRight\"><svg style=\"display:inline-block;vertical-align:middle\" viewbox=\"0 0 24 24\" height=\"20\" width=\"20\" fill=\"none\" stroke=\"currentColor\" xmlns=\"http:\/\/www.w3.org\/2000\/svg\" stroke-width=\"2\" stroke-linecap=\"round\" stroke-linejoin=\"round\" aria-hidden=\"true\"><polyline points=\"9 18 15 12 9 6\"><\/polyline><\/svg><\/div><span class=\"kt-svg-icon-list-text\"><strong>Baja velocidad de descarga (105 nudos)<\/strong><\/span><\/li><li class=\"kt-svg-icon-list-style-default kt-svg-icon-list-item-wrap kt-svg-icon-list-item-4\"><div style=\"display:inline-flex;justify-content:center;align-items:center;color:var(--global-palette1)\" class=\"kt-svg-icon-list-single kt-svg-icon-list-single-fe_chevronRight\"><svg style=\"display:inline-block;vertical-align:middle\" viewbox=\"0 0 24 24\" height=\"20\" width=\"20\" fill=\"none\" stroke=\"currentColor\" xmlns=\"http:\/\/www.w3.org\/2000\/svg\" stroke-width=\"2\" stroke-linecap=\"round\" stroke-linejoin=\"round\" aria-hidden=\"true\"><polyline points=\"9 18 15 12 9 6\"><\/polyline><\/svg><\/div><span class=\"kt-svg-icon-list-text\"><strong>Sistema de compuerta contra incendios computarizado<\/strong><\/span><\/li><li class=\"kt-svg-icon-list-style-default kt-svg-icon-list-item-wrap kt-svg-icon-list-item-5\"><div style=\"display:inline-flex;justify-content:center;align-items:center;color:var(--global-palette1)\" class=\"kt-svg-icon-list-single kt-svg-icon-list-single-fe_chevronRight\"><svg style=\"display:inline-block;vertical-align:middle\" viewbox=\"0 0 24 24\" height=\"20\" width=\"20\" fill=\"none\" stroke=\"currentColor\" xmlns=\"http:\/\/www.w3.org\/2000\/svg\" stroke-width=\"2\" stroke-linecap=\"round\" stroke-linejoin=\"round\" aria-hidden=\"true\"><polyline points=\"9 18 15 12 9 6\"><\/polyline><\/svg><\/div><span class=\"kt-svg-icon-list-text\"><strong>Precisi\u00f3n milim\u00e9trica<\/strong><\/span><\/li><li class=\"kt-svg-icon-list-style-default kt-svg-icon-list-item-wrap kt-svg-icon-list-item-6\"><div style=\"display:inline-flex;justify-content:center;align-items:center;color:var(--global-palette1)\" class=\"kt-svg-icon-list-single kt-svg-icon-list-single-fe_chevronRight\"><svg style=\"display:inline-block;vertical-align:middle\" viewbox=\"0 0 24 24\" height=\"20\" width=\"20\" fill=\"none\" stroke=\"currentColor\" xmlns=\"http:\/\/www.w3.org\/2000\/svg\" stroke-width=\"2\" stroke-linecap=\"round\" stroke-linejoin=\"round\" aria-hidden=\"true\"><polyline points=\"9 18 15 12 9 6\"><\/polyline><\/svg><\/div><span class=\"kt-svg-icon-list-text\"><strong>Maniobrabilidad extrema<\/strong><\/span><\/li><li class=\"kt-svg-icon-list-style-default kt-svg-icon-list-item-wrap kt-svg-icon-list-item-7\"><div style=\"display:inline-flex;justify-content:center;align-items:center;color:var(--global-palette1)\" class=\"kt-svg-icon-list-single kt-svg-icon-list-single-fe_chevronRight\"><svg style=\"display:inline-block;vertical-align:middle\" viewbox=\"0 0 24 24\" height=\"20\" width=\"20\" fill=\"none\" stroke=\"currentColor\" xmlns=\"http:\/\/www.w3.org\/2000\/svg\" stroke-width=\"2\" stroke-linecap=\"round\" stroke-linejoin=\"round\" aria-hidden=\"true\"><polyline points=\"9 18 15 12 9 6\"><\/polyline><\/svg><\/div><span class=\"kt-svg-icon-list-text\"><strong>Aeronave vers\u00e1til para m\u00faltiples usos<\/strong><\/span><\/li><\/ul><\/div>\n\n\n<style>.wp-block-kadence-spacer.kt-block-spacer-_52b58f-27 .kt-block-spacer{height:50px;}.wp-block-kadence-spacer.kt-block-spacer-_52b58f-27 .kt-divider{border-top-width:3px;height:1px;border-top-color:var(--global-palette1, #3182CE);width:10%;border-top-style:solid;}@media all and (max-width: 1024px){.wp-block-kadence-spacer.kt-block-spacer-_52b58f-27 .kt-block-spacer{height:40px!important;}}@media all and (max-width: 767px){.wp-block-kadence-spacer.kt-block-spacer-_52b58f-27 .kt-block-spacer{height:20px!important;}}<\/style>\n<div class=\"wp-block-kadence-spacer aligncenter kt-block-spacer-_52b58f-27\"><div class=\"kt-block-spacer kt-block-spacer-halign-center\"><\/div><\/div>\n\n\n\n<figure class=\"wp-block-image alignfull size-large\"><img loading=\"lazy\" decoding=\"async\" width=\"1024\" height=\"681\" src=\"https:\/\/at802f.com\/wp-content\/uploads\/2021\/10\/Air-Tractor_AT-802F_2-1024x681.jpg\" alt=\"\" class=\"wp-image-930\" srcset=\"https:\/\/at802f.com\/wp-content\/uploads\/2021\/10\/Air-Tractor_AT-802F_2-1024x681.jpg 1024w, https:\/\/at802f.com\/wp-content\/uploads\/2021\/10\/Air-Tractor_AT-802F_2-300x200.jpg 300w, https:\/\/at802f.com\/wp-content\/uploads\/2021\/10\/Air-Tractor_AT-802F_2-768x511.jpg 768w, https:\/\/at802f.com\/wp-content\/uploads\/2021\/10\/Air-Tractor_AT-802F_2-1536x1022.jpg 1536w, https:\/\/at802f.com\/wp-content\/uploads\/2021\/10\/Air-Tractor_AT-802F_2.jpg 2000w\" sizes=\"auto, (max-width: 1024px) 100vw, 1024px\" \/><\/figure>\n\n\n<style>.wp-block-kadence-spacer.kt-block-spacer-_959260-41 .kt-block-spacer{height:50px;}.wp-block-kadence-spacer.kt-block-spacer-_959260-41 .kt-divider{border-top-width:3px;height:1px;border-top-color:var(--global-palette1, #3182CE);width:10%;border-top-style:solid;}@media all and (max-width: 1024px){.wp-block-kadence-spacer.kt-block-spacer-_959260-41 .kt-block-spacer{height:40px!important;}}@media all and (max-width: 767px){.wp-block-kadence-spacer.kt-block-spacer-_959260-41 .kt-block-spacer{height:20px!important;}}<\/style>\n<div class=\"wp-block-kadence-spacer aligncenter kt-block-spacer-_959260-41\"><div class=\"kt-block-spacer kt-block-spacer-halign-center\"><\/div><\/div>\n\n\n\n<p>Los r\u00e1pidos tiempos de desplazamiento junto con la flexibilidad para operar desde pistas de aterrizaje remotas, caminos de tierra, o aer\u00f3dromos permiten que el AT-802F combata un incendio de manera m\u00e1s r\u00e1pida y eficiente. Un potente motor de turbina <a href=\"https:\/\/www.pwc.ca\/en\/products-and-services\/products\/general-aviation-engines\/pt6a\">Pratt &amp; Whitney PT6A-67AG<\/a> permite que el AT-802F se traslade entre el incendio y la pista a velocidades cercanas a los 175 nudos (200 mph).<\/p>\n\n\n\n<p>Una vez sobre la l\u00ednea de fuego, el AT-802F ralentiza las cosas, lanzando su carga \u00fatil a un nivel bajo<meta charset=\"utf-8\">, lento y justo donde se necesita para sofocar incendios de matorrales y pastizales o combatir incendios en copas mas densas. La agilidad de maniobra del AT-802F, <strong>su r\u00e1pida tasa de ascenso y su tama\u00f1o compacto, lo hacen ideal para terrenos monta\u00f1osos<\/strong>, valles estrechos y \u00e1reas de interfaz urbano-rural.<\/p>\n\n\n\n<p>Dejar caer la descarga en el lugar preciso donde se necesita, con exactamente la cantidad que requiere. El <a href=\"https:\/\/at802f.com\/aircraft-overview\/frds-gen-iii-fire-gate-system\/\">Sistema de Entrega de Respuesta a Incendios Generaci\u00f3n III<\/a> <meta charset=\"utf-8\">de Air Tractor (FRDS) ofrece un nivel de consistencia, cobertura y eficiencia que otros dise\u00f1os de compuertas contra incendios simplemente no pueden proporcionar y solo est\u00e1 disponible en el Air Tractor 802F.<\/p>\n\n\n\n<p>El bajo costo operativo, la eficiencia de combustible y el rango extenso de operaci\u00f3n tambi\u00e9n hacen que el AT-802F sea un activo a\u00e9reo ideal para el servicio de patrullaje de respuesta inmediata,<meta charset=\"utf-8\"> en los d\u00edas en que el riesgo de incendios es alta<meta charset=\"utf-8\">. Y cuando termina la temporada de incendios, el AT-802F est\u00e1 listo para volver al trabajo, no al hangar. Las mismas cualidades que hacen que el AT-802F sea un bombero a\u00e9reo superior, tambi\u00e9n lo hacen ideal para la restauraci\u00f3n forestal tras los incendios forestales. Su capacidad de 800 galones, su velocidad y maniobrabilidad hacen que la aplicaci\u00f3n de hidromulch o resiembra sean efectivas para el control de la erosi\u00f3n.<\/p>\n\n\n\n<p><strong>D\u00f3lar por d\u00f3lar, libra por libra, el AT-802F es simplemente el avi\u00f3n cisterna m\u00e1s eficiente y efectivo.<\/strong><\/p>\n<\/div><\/div>\n<\/div><\/div><\/div>\n\n\n<style>.wp-block-kadence-spacer.kt-block-spacer-_567bad-dc .kt-block-spacer{height:50px;}.wp-block-kadence-spacer.kt-block-spacer-_567bad-dc .kt-divider{border-top-width:3px;height:1px;border-top-color:var(--global-palette1, #3182CE);width:10%;border-top-style:solid;}@media all and (max-width: 1024px){.wp-block-kadence-spacer.kt-block-spacer-_567bad-dc .kt-block-spacer{height:40px!important;}}@media all and (max-width: 767px){.wp-block-kadence-spacer.kt-block-spacer-_567bad-dc .kt-block-spacer{height:20px!important;}}<\/style>\n<div class=\"wp-block-kadence-spacer aligncenter kt-block-spacer-_567bad-dc\"><div class=\"kt-block-spacer kt-block-spacer-halign-center\"><\/div><\/div>\n","protected":false},"excerpt":{"rendered":"<p>DESCRIPCI\u00d3N GENERAL DE LA AERONAVE El Air Tractor\u00ae AT-802F combina agilidad, rendimiento, confiabilidad y precisi\u00f3n milim\u00e9trica que le permite operar donde otras aeronaves no pueden. El AT-802F est\u00e1 dise\u00f1ado espec\u00edficamente para combatir incendios grandes y peque\u00f1os, no s\u00f3lo para el ataque inicial, sino que tambi\u00e9n para tareas de ataque continuo y apoyo a las brigadas&#8230;<\/p>\n","protected":false},"author":1,"featured_media":0,"parent":0,"menu_order":0,"comment_status":"closed","ping_status":"closed","template":"","meta":{"_acf_changed":false,"_kad_blocks_custom_css":"","_kad_blocks_head_custom_js":"","_kad_blocks_body_custom_js":"","_kad_blocks_footer_custom_js":"","_kad_post_transparent":"","_kad_post_title":"hide","_kad_post_layout":"","_kad_post_sidebar_id":"","_kad_post_content_style":"","_kad_post_vertical_padding":"","_kad_post_feature":"","_kad_post_feature_position":"","_kad_post_header":false,"_kad_post_footer":false,"_kad_post_classname":"","footnotes":"","_links_to":"","_links_to_target":""},"class_list":["post-1459","page","type-page","status-publish","hentry"],"acf":[],"yoast_head":"<!-- This site is optimized with the Yoast SEO plugin v27.5 - https:\/\/yoast.com\/product\/yoast-seo-wordpress\/ -->\n<title>DESCRIPCI\u00d3N GENERAL DE LA AERONAVE &#187; Air Tractor\u00ae AT-802F<\/title>\n<meta name=\"description\" content=\"The AT-802F is purpose-built for battling fires large and small\u2014not only as an initial attack firefighter but also for extended attack duties and support of ground crews. It gets you there fast when rapid response times are crucial.\" \/>\n<meta name=\"robots\" content=\"index, follow, max-snippet:-1, max-image-preview:large, max-video-preview:-1\" \/>\n<link rel=\"canonical\" href=\"https:\/\/at802f.com\/es\/descripcion-general-de-la-aeronave\/\" \/>\n<meta property=\"og:locale\" content=\"es_ES\" \/>\n<meta property=\"og:type\" content=\"article\" \/>\n<meta property=\"og:title\" content=\"DESCRIPCI\u00d3N GENERAL DE LA AERONAVE &#187; Air Tractor\u00ae AT-802F\" \/>\n<meta property=\"og:description\" content=\"The AT-802F is purpose-built for battling fires large and small\u2014not only as an initial attack firefighter but also for extended attack duties and support of ground crews. It gets you there fast when rapid response times are crucial.\" \/>\n<meta property=\"og:url\" content=\"https:\/\/at802f.com\/es\/descripcion-general-de-la-aeronave\/\" \/>\n<meta property=\"og:site_name\" content=\"Air Tractor\u00ae AT-802F\" \/>\n<meta property=\"article:modified_time\" content=\"2022-10-25T15:57:32+00:00\" \/>\n<meta property=\"og:image\" content=\"https:\/\/at802f.com\/wp-content\/uploads\/2021\/10\/Air-Tractor_AT-802F_2-1024x681.jpg\" \/>\n<meta name=\"twitter:card\" content=\"summary_large_image\" \/>\n<meta name=\"twitter:label1\" content=\"Tiempo de lectura\" \/>\n\t<meta name=\"twitter:data1\" content=\"3 minutos\" \/>\n<!-- \/ Yoast SEO plugin. -->","yoast_head_json":{"title":"DESCRIPCI\u00d3N GENERAL DE LA AERONAVE &#187; Air Tractor\u00ae AT-802F","description":"The AT-802F is purpose-built for battling fires large and small\u2014not only as an initial attack firefighter but also for extended attack duties and support of ground crews. It gets you there fast when rapid response times are crucial.","robots":{"index":"index","follow":"follow","max-snippet":"max-snippet:-1","max-image-preview":"max-image-preview:large","max-video-preview":"max-video-preview:-1"},"canonical":"https:\/\/at802f.com\/es\/descripcion-general-de-la-aeronave\/","og_locale":"es_ES","og_type":"article","og_title":"DESCRIPCI\u00d3N GENERAL DE LA AERONAVE &#187; Air Tractor\u00ae AT-802F","og_description":"The AT-802F is purpose-built for battling fires large and small\u2014not only as an initial attack firefighter but also for extended attack duties and support of ground crews. It gets you there fast when rapid response times are crucial.","og_url":"https:\/\/at802f.com\/es\/descripcion-general-de-la-aeronave\/","og_site_name":"Air Tractor\u00ae AT-802F","article_modified_time":"2022-10-25T15:57:32+00:00","og_image":[{"url":"https:\/\/at802f.com\/wp-content\/uploads\/2021\/10\/Air-Tractor_AT-802F_2-1024x681.jpg","type":"","width":"","height":""}],"twitter_card":"summary_large_image","twitter_misc":{"Tiempo de lectura":"3 minutos"},"schema":{"@context":"https:\/\/schema.org","@graph":[{"@type":"WebPage","@id":"https:\/\/at802f.com\/es\/descripcion-general-de-la-aeronave\/","url":"https:\/\/at802f.com\/es\/descripcion-general-de-la-aeronave\/","name":"DESCRIPCI\u00d3N GENERAL DE LA AERONAVE &#187; Air Tractor\u00ae AT-802F","isPartOf":{"@id":"https:\/\/at802f.com\/es\/#website"},"primaryImageOfPage":{"@id":"https:\/\/at802f.com\/es\/descripcion-general-de-la-aeronave\/#primaryimage"},"image":{"@id":"https:\/\/at802f.com\/es\/descripcion-general-de-la-aeronave\/#primaryimage"},"thumbnailUrl":"https:\/\/at802f.com\/wp-content\/uploads\/2021\/10\/Air-Tractor_AT-802F_2-1024x681.jpg","datePublished":"2018-03-06T19:31:47+00:00","dateModified":"2022-10-25T15:57:32+00:00","description":"The AT-802F is purpose-built for battling fires large and small\u2014not only as an initial attack firefighter but also for extended attack duties and support of ground crews. It gets you there fast when rapid response times are crucial.","breadcrumb":{"@id":"https:\/\/at802f.com\/es\/descripcion-general-de-la-aeronave\/#breadcrumb"},"inLanguage":"es","potentialAction":[{"@type":"ReadAction","target":["https:\/\/at802f.com\/es\/descripcion-general-de-la-aeronave\/"]}]},{"@type":"ImageObject","inLanguage":"es","@id":"https:\/\/at802f.com\/es\/descripcion-general-de-la-aeronave\/#primaryimage","url":"https:\/\/at802f.com\/wp-content\/uploads\/2021\/10\/Air-Tractor_AT-802F_2-1024x681.jpg","contentUrl":"https:\/\/at802f.com\/wp-content\/uploads\/2021\/10\/Air-Tractor_AT-802F_2-1024x681.jpg"},{"@type":"BreadcrumbList","@id":"https:\/\/at802f.com\/es\/descripcion-general-de-la-aeronave\/#breadcrumb","itemListElement":[{"@type":"ListItem","position":1,"name":"Home","item":"https:\/\/at802f.com\/es\/"},{"@type":"ListItem","position":2,"name":"DESCRIPCI\u00d3N GENERAL DE LA AERONAVE"}]},{"@type":"WebSite","@id":"https:\/\/at802f.com\/es\/#website","url":"https:\/\/at802f.com\/es\/","name":"Air Tractor\u00ae AT-802F","description":"Initial Attack Firefighter","publisher":{"@id":"https:\/\/at802f.com\/es\/#organization"},"potentialAction":[{"@type":"SearchAction","target":{"@type":"EntryPoint","urlTemplate":"https:\/\/at802f.com\/es\/?s={search_term_string}"},"query-input":{"@type":"PropertyValueSpecification","valueRequired":true,"valueName":"search_term_string"}}],"inLanguage":"es"},{"@type":"Organization","@id":"https:\/\/at802f.com\/es\/#organization","name":"Air Tractor, Inc.","url":"https:\/\/at802f.com\/es\/","logo":{"@type":"ImageObject","inLanguage":"es","@id":"https:\/\/at802f.com\/es\/#\/schema\/logo\/image\/","url":"https:\/\/at802f.com\/wp-content\/uploads\/2021\/04\/AT-Logotype-Black.svg","contentUrl":"https:\/\/at802f.com\/wp-content\/uploads\/2021\/04\/AT-Logotype-Black.svg","width":200,"height":21,"caption":"Air Tractor, Inc."},"image":{"@id":"https:\/\/at802f.com\/es\/#\/schema\/logo\/image\/"}}]}},"taxonomy_info":[],"featured_image_src_large":false,"author_info":{"display_name":"info@tractionokc.com","author_link":"https:\/\/at802f.com\/es\/author\/infotractionokc-com\/"},"comment_info":0,"_links":{"self":[{"href":"https:\/\/at802f.com\/es\/wp-json\/wp\/v2\/pages\/1459","targetHints":{"allow":["GET"]}}],"collection":[{"href":"https:\/\/at802f.com\/es\/wp-json\/wp\/v2\/pages"}],"about":[{"href":"https:\/\/at802f.com\/es\/wp-json\/wp\/v2\/types\/page"}],"author":[{"embeddable":true,"href":"https:\/\/at802f.com\/es\/wp-json\/wp\/v2\/users\/1"}],"replies":[{"embeddable":true,"href":"https:\/\/at802f.com\/es\/wp-json\/wp\/v2\/comments?post=1459"}],"version-history":[{"count":0,"href":"https:\/\/at802f.com\/es\/wp-json\/wp\/v2\/pages\/1459\/revisions"}],"wp:attachment":[{"href":"https:\/\/at802f.com\/es\/wp-json\/wp\/v2\/media?parent=1459"}],"curies":[{"name":"wp","href":"https:\/\/api.w.org\/{rel}","templated":true}]}}